{"id":341,"date":"2017-10-02T11:41:29","date_gmt":"2017-10-02T11:41:29","guid":{"rendered":"http:\/\/blog.inetmar.com\/?page_id=341"},"modified":"2025-08-11T15:50:21","modified_gmt":"2025-08-11T12:50:21","slug":"hakkimizda","status":"publish","type":"page","link":"https:\/\/www.inetmar.com\/blog\/hakkimizda\/","title":{"rendered":"Hakk\u0131m\u0131zda"},"content":{"rendered":"<h2 style=\"text-align: center;\">17 Y\u0131ld\u0131r Kesintisiz Hizmet Vermenin Gururunu Ya\u015f\u0131yoruz<\/h2>\n<p style=\"text-align: center;\"><a href=\"https:\/\/www.inetmar.com\/\">Inetmar<\/a> 17 y\u0131ld\u0131r sizlere, hosting paketinizdeki databaselerinizi y\u00fcksek performansl\u0131 emc ssd storage alanlar\u0131 \u00fczerinde saklayan, email kotalar\u0131n\u0131z\u0131n dolmad\u0131\u011f\u0131 alanlar\u0131 size tahsis eden, hesab\u0131n\u0131zla ilgili \u00f6nemli uyar\u0131lar\u0131 size telefonla bildiren, hizmetinize ait faturalar\u0131n\u0131z\u0131n postada kaybolmad\u0131\u011f\u0131, sitenize ait t\u00fcm i\u00e7eri\u011fi farkl\u0131 lokasyonlarda g\u00fcvenle yedekleyen bir hosting deneyimi sunar.<\/p>\n<hr \/>\n<h2 class=\"intro wow fadeIn\" style=\"text-align: center;\">Teknik Altyap\u0131<\/h2>\n<p class=\"light wow fadeIn\" style=\"text-align: center;\">\u0130NETMAR, teknik altyap\u0131 olarak g\u00fcvendi\u011finiz markalar\u0131n en son teknoloji \u00fcr\u00fcnlerinden amaca ve hizmete en uygun olanlar\u0131n\u0131 se\u00e7mektedir.<\/p>\n<p class=\"light wow fadeIn\" style=\"text-align: center;\">\u0130nternet ba\u011flant\u0131 alt yap\u0131m\u0131z gigabit hizmetlerle uyumlu olup, gerekti\u011finde artt\u0131r\u0131lmaya m\u00fcsaittir. T\u00fcrk Telekom ve Superonline taraf\u0131ndan sa\u011flanan fiber omurgas\u0131na direkt eri\u015fim sa\u011flanmaktad\u0131r.<\/p>\n<hr \/>\n<h2><img loading=\"lazy\" decoding=\"async\" class=\"size-large wp-image-360 aligncenter\" src=\"https:\/\/www.inetmar.com\/blog\/wp-content\/uploads\/2017\/10\/1-1024x394.jpg\" alt=\"\" width=\"980\" height=\"377\" srcset=\"https:\/\/www.inetmar.com\/blog\/wp-content\/uploads\/2017\/10\/1-1024x394.jpg 1024w, https:\/\/www.inetmar.com\/blog\/wp-content\/uploads\/2017\/10\/1-300x115.jpg 300w, https:\/\/www.inetmar.com\/blog\/wp-content\/uploads\/2017\/10\/1-768x295.jpg 768w, https:\/\/www.inetmar.com\/blog\/wp-content\/uploads\/2017\/10\/1-60x23.jpg 60w, https:\/\/www.inetmar.com\/blog\/wp-content\/uploads\/2017\/10\/1-150x58.jpg 150w, https:\/\/www.inetmar.com\/blog\/wp-content\/uploads\/2017\/10\/1.jpg 1300w\" sizes=\"auto, (max-width: 980px) 100vw, 980px\" \/><\/h2>\n<h2 class=\"intro wow fadeIn\" style=\"text-align: center;\">Network Ba\u011flant\u0131s\u0131<\/h2>\n<p class=\"light wow fadeIn\" style=\"text-align: center;\">Altyap\u0131m\u0131z ba\u011f\u0131ms\u0131z fiberoptik kanal \u00fczerinden Metro Ethernet omurgas\u0131na ba\u011fl\u0131 ve toplam 2&#215;10 Gbit Port T\u00fcrkTelekom 2 x 10 Gb Turkcell Superonline kapasitesine sahip olup, 2Gbit olan aktif hat kullan\u0131m\u0131 m\u00fc\u015fteri ihtiya\u00e7lar\u0131na g\u00f6re artt\u0131r\u0131labilir.<\/p>\n<p class=\"light wow fadeIn\" style=\"text-align: center;\">Network ve kablolama alt yap\u0131m\u0131z olu\u015fabilecek manyetik alanlardan etkilenmeyecek \u015fekilde tasarlanm\u0131\u015ft\u0131r. Metro ethernet \u015febekesi \u00fczerinden BGP protokol\u00fc ile di\u011fer ISP omurgalar\u0131na en h\u0131zl\u0131 \u015fekilde ileti\u015fim kurulmaktad\u0131r.<\/p>\n<hr \/>\n<h2><\/h2>\n<h2 class=\"intro wow fadeIn\" style=\"text-align: center;\"><img loading=\"lazy\" decoding=\"async\" class=\"size-large wp-image-358 aligncenter\" src=\"https:\/\/www.inetmar.com\/blog\/wp-content\/uploads\/2017\/10\/22-1024x394.jpg\" alt=\"\" width=\"980\" height=\"377\" srcset=\"https:\/\/www.inetmar.com\/blog\/wp-content\/uploads\/2017\/10\/22-1024x394.jpg 1024w, https:\/\/www.inetmar.com\/blog\/wp-content\/uploads\/2017\/10\/22-300x115.jpg 300w, https:\/\/www.inetmar.com\/blog\/wp-content\/uploads\/2017\/10\/22-768x295.jpg 768w, https:\/\/www.inetmar.com\/blog\/wp-content\/uploads\/2017\/10\/22-60x23.jpg 60w, https:\/\/www.inetmar.com\/blog\/wp-content\/uploads\/2017\/10\/22-150x58.jpg 150w, https:\/\/www.inetmar.com\/blog\/wp-content\/uploads\/2017\/10\/22.jpg 1300w\" sizes=\"auto, (max-width: 980px) 100vw, 980px\" \/><\/h2>\n<h2 class=\"intro wow fadeIn\" style=\"text-align: center;\">Enerji<\/h2>\n<p class=\"light wow fadeIn\" style=\"text-align: center;\">Datacenter\u0131m\u0131z\u0131n en \u00f6nemli yat\u0131r\u0131mlar\u0131ndan biri olan enerji altyap\u0131m\u0131z;<br \/>\n1 MVA Elektrik Trafosu (OG 34500 kV)<br \/>\n4 x 200 KVA Yedekli Socomec Green Power kesintisiz g\u00fc\u00e7 kayna\u011f\u0131<br \/>\nToplam 800 KvA kesintisiz g\u00fc\u00e7 kayna\u011f\u0131 (UPS) ile anl\u0131k elektrik kesinti ve enerji dalgalanmalar\u0131na kar\u015f\u0131 korunmaktad\u0131r.<\/p>\n<p class=\"light wow fadeIn\" style=\"text-align: center;\">\u015eebekede olu\u015fabilecek elektrik kesintileri, 2&#215;750 KvA kapasiteli jenerat\u00f6r ile 7\/24 \u00f6nlenmektedir.<\/p>\n<hr \/>\n<h2><\/h2>\n<h2><\/h2>\n<h2 class=\"intro wow fadeIn\" style=\"text-align: center;\"><img loading=\"lazy\" decoding=\"async\" class=\"size-large wp-image-355 alignnone\" src=\"https:\/\/www.inetmar.com\/blog\/wp-content\/uploads\/2017\/10\/ZDC_Frankfurt_Slider_820x532px_02-1024x419.jpg\" alt=\"\" width=\"980\" height=\"401\" srcset=\"https:\/\/www.inetmar.com\/blog\/wp-content\/uploads\/2017\/10\/ZDC_Frankfurt_Slider_820x532px_02-1024x419.jpg 1024w, https:\/\/www.inetmar.com\/blog\/wp-content\/uploads\/2017\/10\/ZDC_Frankfurt_Slider_820x532px_02-300x123.jpg 300w, https:\/\/www.inetmar.com\/blog\/wp-content\/uploads\/2017\/10\/ZDC_Frankfurt_Slider_820x532px_02-768x314.jpg 768w, https:\/\/www.inetmar.com\/blog\/wp-content\/uploads\/2017\/10\/ZDC_Frankfurt_Slider_820x532px_02-60x25.jpg 60w, https:\/\/www.inetmar.com\/blog\/wp-content\/uploads\/2017\/10\/ZDC_Frankfurt_Slider_820x532px_02-150x61.jpg 150w, https:\/\/www.inetmar.com\/blog\/wp-content\/uploads\/2017\/10\/ZDC_Frankfurt_Slider_820x532px_02.jpg 1300w\" sizes=\"auto, (max-width: 980px) 100vw, 980px\" \/><\/h2>\n<h2 class=\"intro wow fadeIn\" style=\"text-align: center;\">So\u011futma<\/h2>\n<p class=\"light wow fadeIn\" style=\"text-align: center;\">N+1 Yedekli Liebert Hiross iklimlendirme sistemi<br \/>\nDatacenter\u0131m\u0131z 450.000 BTU kapasitesine sahip iklimsel so\u011futma sistemi ile so\u011futulmaktad\u0131r.<\/p>\n<p class=\"light wow fadeIn\" style=\"text-align: center;\">Datacenter\u0131m\u0131zdaki s\u0131cakl\u0131k oranlar\u0131 7\/24 yetkili personel taraf\u0131ndan al\u0131nan verilerle izlenmekte ve gerekli seviyede tutulmaktad\u0131r.<\/p>\n<hr \/>\n<h2><\/h2>\n<h2><img loading=\"lazy\" decoding=\"async\" class=\"size-large wp-image-353 aligncenter\" src=\"https:\/\/www.inetmar.com\/blog\/wp-content\/uploads\/2017\/10\/data-center-830x553-1-1024x394.jpg\" alt=\"\" width=\"980\" height=\"377\" srcset=\"https:\/\/www.inetmar.com\/blog\/wp-content\/uploads\/2017\/10\/data-center-830x553-1-1024x394.jpg 1024w, https:\/\/www.inetmar.com\/blog\/wp-content\/uploads\/2017\/10\/data-center-830x553-1-300x115.jpg 300w, https:\/\/www.inetmar.com\/blog\/wp-content\/uploads\/2017\/10\/data-center-830x553-1-768x295.jpg 768w, https:\/\/www.inetmar.com\/blog\/wp-content\/uploads\/2017\/10\/data-center-830x553-1-60x23.jpg 60w, https:\/\/www.inetmar.com\/blog\/wp-content\/uploads\/2017\/10\/data-center-830x553-1-150x58.jpg 150w, https:\/\/www.inetmar.com\/blog\/wp-content\/uploads\/2017\/10\/data-center-830x553-1.jpg 1300w\" sizes=\"auto, (max-width: 980px) 100vw, 980px\" \/><\/h2>\n<h2 class=\"intro wow fadeIn\" style=\"text-align: center;\">Sunucular<\/h2>\n<p class=\"light wow fadeIn\" style=\"text-align: center;\">DELL Fujitsu markalar\u0131n\u0131 kullanan firmam\u0131z datacenter\u0131m\u0131zdaki donan\u0131mlar\u0131 en iyi performans\u0131 sa\u011flayacak \u015fekilde se\u00e7mektedir.<\/p>\n<p class=\"light wow fadeIn\" style=\"text-align: center;\">Donan\u0131msal ar\u0131zalar maximum 12 Saat i\u00e7erisinde giderilmektedir.<\/p>\n","protected":false},"excerpt":{"rendered":"<p>17 Y\u0131ld\u0131r Kesintisiz Hizmet Vermenin Gururunu Ya\u015f\u0131yoruz Inetmar 17 y\u0131ld\u0131r sizlere, hosting paketinizdeki databaselerinizi y\u00fcksek performansl\u0131 emc ssd storage alanlar\u0131 \u00fczerinde saklayan, email kotalar\u0131n\u0131z\u0131n dolmad\u0131\u011f\u0131 alanlar\u0131 size tahsis eden, hesab\u0131n\u0131zla ilgili \u00f6nemli uyar\u0131lar\u0131 size telefonla&#46;&#46;&#46;<\/p>\n","protected":false},"author":1,"featured_media":0,"parent":0,"menu_order":0,"comment_status":"closed","ping_status":"closed","template":"","meta":{"footnotes":""},"class_list":["post-341","page","type-page","status-publish","hentry"],"_links":{"self":[{"href":"https:\/\/www.inetmar.com\/blog\/wp-json\/wp\/v2\/pages\/341","targetHints":{"allow":["GET"]}}],"collection":[{"href":"https:\/\/www.inetmar.com\/blog\/wp-json\/wp\/v2\/pages"}],"about":[{"href":"https:\/\/www.inetmar.com\/blog\/wp-json\/wp\/v2\/types\/page"}],"author":[{"embeddable":true,"href":"https:\/\/www.inetmar.com\/blog\/wp-json\/wp\/v2\/users\/1"}],"replies":[{"embeddable":true,"href":"https:\/\/www.inetmar.com\/blog\/wp-json\/wp\/v2\/comments?post=341"}],"version-history":[{"count":20,"href":"https:\/\/www.inetmar.com\/blog\/wp-json\/wp\/v2\/pages\/341\/revisions"}],"predecessor-version":[{"id":14566,"href":"https:\/\/www.inetmar.com\/blog\/wp-json\/wp\/v2\/pages\/341\/revisions\/14566"}],"wp:attachment":[{"href":"https:\/\/www.inetmar.com\/blog\/wp-json\/wp\/v2\/media?parent=341"}],"curies":[{"name":"wp","href":"https:\/\/api.w.org\/{rel}","templated":true}]}}