{"id":897,"date":"2018-02-09T09:17:55","date_gmt":"2018-02-09T09:17:55","guid":{"rendered":"http:\/\/blog.inetmar.com\/?page_id=897"},"modified":"2024-06-06T11:04:42","modified_gmt":"2024-06-06T08:04:42","slug":"videolar","status":"publish","type":"page","link":"https:\/\/www.inetmar.com\/blog\/videolar\/","title":{"rendered":"Videolar"},"content":{"rendered":"<p align=\"center\"><b><br \/>\n<span style=\"background-color: #000000; color: #ff6600; font-family: Arial Black;\"><br \/>\n<span style=\"font-size: x-large;\">cPANEL<\/span><\/span> <\/b><\/p>\n<div align=\"center\">\n<table border=\"0\" width=\"900\" cellspacing=\"1\">\n<tbody>\n<tr>\n<td width=\"450\">\n<p align=\"center\"><span style=\"color: #ff6600;\"><strong>cPanel &#8211; \u00dccretsiz SSL Kurulumu<\/strong><\/span><\/p>\n<p align=\"center\"><iframe loading=\"lazy\" src=\"https:\/\/www.youtube.com\/embed\/kBJZg4NEjJI?si=R6iDNJhYXYJHd2L8\" width=\"380\" height=\"250\" frameborder=\"0\" allowfullscreen=\"allowfullscreen\"><\/iframe><\/p>\n<\/td>\n<td width=\"450\">\n<p style=\"text-align: center;\"><strong><span style=\"color: #ff6600;\">cPanel &#8211; Mail Hesab\u0131 Olu\u015fturma<\/span><\/strong><\/p>\n<p align=\"center\"><iframe loading=\"lazy\" src=\"https:\/\/www.youtube.com\/embed\/3AxKysstmGE?si=YOKIVYzFqoB2Qsr6\" width=\"380\" height=\"250\" frameborder=\"0\" allowfullscreen=\"allowfullscreen\"><span data-mce-type=\"bookmark\" style=\"display: inline-block; width: 0px; overflow: hidden; line-height: 0;\" class=\"mce_SELRES_start\">\ufeff<\/span><span data-mce-type=\"bookmark\" style=\"display: inline-block; width: 0px; overflow: hidden; line-height: 0;\" class=\"mce_SELRES_start\">\ufeff<\/span><\/iframe><\/p>\n<\/td>\n<\/tr>\n<\/tbody>\n<\/table>\n<div align=\"center\">\n<table border=\"0\" width=\"900\" cellspacing=\"1\">\n<tbody>\n<tr>\n<td width=\"450\">\n<p align=\"center\"><span style=\"color: #ff6600;\"><strong>cPanel &#8211; Subdomain Olu\u015fturma<\/strong><\/span><\/p>\n<p align=\"center\"><iframe loading=\"lazy\" src=\"https:\/\/www.youtube.com\/embed\/zhAb2I3__hM?si=48yCsEap17xOcar1\" width=\"380\" height=\"250\" frameborder=\"0\" allowfullscreen=\"allowfullscreen\"><\/iframe><\/p>\n<\/td>\n<td width=\"450\">\n<p style=\"text-align: center;\"><strong><span style=\"color: #ff6600;\">cPanel &#8211; Veritaban\u0131 Olu\u015fturma<\/span><\/strong><\/p>\n<p align=\"center\"><iframe loading=\"lazy\" src=\"https:\/\/www.youtube.com\/embed\/Xb2a-EVRSuM?rel=0\" width=\"380\" height=\"250\" frameborder=\"0\" allowfullscreen=\"allowfullscreen\"><\/iframe><\/p>\n<\/td>\n<\/tr>\n<\/tbody>\n<\/table>\n<div align=\"center\">\n<table border=\"0\" width=\"900\" cellspacing=\"1\">\n<tbody>\n<tr>\n<td width=\"450\">\n<p align=\"center\"><span style=\"color: #ff6600;\"><strong>cPanel &#8211; Otomatik Mail Yan\u0131tlay\u0131c\u0131 Olu\u015fturma<\/strong><\/span><\/p>\n<p align=\"center\"><iframe loading=\"lazy\" src=\"https:\/\/www.youtube.com\/embed\/e_PgQOtfdnk?rel=0\" width=\"380\" height=\"250\" frameborder=\"0\" allowfullscreen=\"allowfullscreen\"><\/iframe><\/p>\n<\/td>\n<td width=\"450\">\n<p style=\"text-align: center;\"><strong><span style=\"color: #ff6600;\">cPanel &#8211; Yedek Alma<\/span><\/strong><\/p>\n<p align=\"center\"><iframe loading=\"lazy\" src=\"https:\/\/www.youtube.com\/embed\/Xsceqx_COzw?si=qWZ-3o24nYg54ejL\" width=\"380\" height=\"250\" frameborder=\"0\" allowfullscreen=\"allowfullscreen\"><span style=\"display: inline-block; width: 0px; overflow: hidden; line-height: 0;\" data-mce-type=\"bookmark\" class=\"mce_SELRES_start\">\ufeff<\/span><\/iframe><\/p>\n<\/td>\n<\/tr>\n<\/tbody>\n<\/table>\n<div align=\"center\">\n<table border=\"0\" width=\"900\" cellspacing=\"1\">\n<tbody>\n<tr>\n<td width=\"450\">\n<p align=\"center\"><span style=\"color: #ff6600;\"><strong>cPanel &#8211; WordPress Kurulumu<\/strong><\/span><\/p>\n<p align=\"center\"><iframe loading=\"lazy\" src=\"https:\/\/www.youtube.com\/embed\/0FaiYpgehD4?si=ofaFQy534Q7jo0ib\" width=\"380\" height=\"250\" frameborder=\"0\" allowfullscreen=\"allowfullscreen\"><\/iframe><\/p>\n<p>&nbsp;<\/td>\n<td width=\"450\">\n<p style=\"text-align: center;\"><strong><span style=\"color: #ff6600;\">cPanel &#8211; Dosya \u0130zinleri ve Chmod Ayarlar\u0131<\/span><\/strong><\/p>\n<p align=\"center\"><iframe loading=\"lazy\" src=\"https:\/\/www.youtube.com\/embed\/2z0dlmnYuM8?rel=0\" width=\"380\" height=\"250\" frameborder=\"0\" allowfullscreen=\"allowfullscreen\"><\/iframe><\/p>\n<\/td>\n<\/tr>\n<\/tbody>\n<\/table>\n<div align=\"center\">\n<table border=\"0\" width=\"900\" cellspacing=\"1\">\n<tbody>\n<tr>\n<td width=\"450\">\n<p align=\"center\"><span style=\"color: #ff6600;\"><strong>cPanel &#8211; Ftp Hesab\u0131 Olu\u015fturma<\/strong><\/span><\/p>\n<p align=\"center\"><iframe loading=\"lazy\" src=\"https:\/\/www.youtube.com\/embed\/6Dl9B2-BMA4?si=QeAkejBxkVUKKXaV\" width=\"380\" height=\"250\" frameborder=\"0\" allowfullscreen=\"allowfullscreen\"><\/iframe><\/p>\n<\/td>\n<td width=\"450\">\n<p style=\"text-align: center;\"><strong><span style=\"color: #ff6600;\">cPanel &#8211; PHP S\u00fcr\u00fcm G\u00fcncelleme\/De\u011fi\u015ftirme<\/span><\/strong><\/p>\n<p align=\"center\"><iframe loading=\"lazy\" src=\"https:\/\/www.youtube.com\/embed\/faplBEBnxw8?si=VsUsTw0jnJqGLyqb\" width=\"380\" height=\"250\" frameborder=\"0\" allowfullscreen=\"allowfullscreen\"><\/iframe><\/p>\n<\/td>\n<\/tr>\n<\/tbody>\n<\/table>\n<div align=\"center\">\n<table border=\"0\" width=\"900\" cellspacing=\"1\">\n<tbody>\n<tr>\n<td width=\"450\">\n<p align=\"center\"><span style=\"color: #ff6600;\"><strong>cPanel &#8211; Gmail MX Kayd\u0131 Y\u00f6nlendirme<\/strong><\/span><\/p>\n<p align=\"center\"><iframe loading=\"lazy\" src=\"https:\/\/www.youtube.com\/embed\/US8W241GC5M?rel=0\" width=\"380\" height=\"250\" frameborder=\"0\" allowfullscreen=\"allowfullscreen\"><\/iframe><\/p>\n<\/td>\n<td width=\"450\">\n<p style=\"text-align: center;\"><strong><span style=\"color: #ff6600;\">cPanel &#8211; MySQL Yede\u011fi Y\u00fckleme<\/span><\/strong><\/p>\n<p align=\"center\"><iframe loading=\"lazy\" src=\"https:\/\/www.youtube.com\/embed\/CS4eI3W7gkE?rel=0\" width=\"380\" height=\"250\" frameborder=\"0\" allowfullscreen=\"allowfullscreen\"><\/iframe><\/p>\n<\/td>\n<\/tr>\n<\/tbody>\n<\/table>\n<div align=\"center\">\n<table border=\"0\" width=\"900\" cellspacing=\"1\">\n<tbody>\n<tr>\n<td width=\"450\">\n<p align=\"center\"><span style=\"color: #ff6600;\"><strong>cPanel &#8211; Domain Alias<\/strong><\/span><\/p>\n<p align=\"center\"><iframe loading=\"lazy\" src=\"https:\/\/www.youtube.com\/embed\/L8yk-GeCZAc?rel=0\" width=\"380\" height=\"250\" frameborder=\"0\" allowfullscreen=\"allowfullscreen\"><\/iframe><\/p>\n<\/td>\n<td width=\"450\">\n<p style=\"text-align: center;\"><strong><span style=\"color: #ff6600;\">cPanel &#8211; PHP.INI D\u00fczenlenme<\/span><\/strong><\/p>\n<p align=\"center\"><iframe loading=\"lazy\" src=\"https:\/\/www.youtube.com\/embed\/FxRbXRaSZvw?si=yTYe3WmKLFyT2ZoB\" width=\"380\" height=\"250\" frameborder=\"0\" allowfullscreen=\"allowfullscreen\"><span data-mce-type=\"bookmark\" style=\"display: inline-block; width: 0px; overflow: hidden; line-height: 0;\" class=\"mce_SELRES_start\">\ufeff<\/span><\/iframe><\/p>\n<\/td>\n<\/tr>\n<\/tbody>\n<\/table>\n<p align=\"center\"><span style=\"font-family: Arial Black;\"><b>&#8211; &#8211; &#8211; &#8211; &#8211; &#8211; &#8211; &#8211; &#8211; &#8211; &#8211; &#8211; &#8211; &#8211; &#8211; &#8211; &#8211;<\/b><\/span><\/p>\n<p align=\"center\"><b><span style=\"background-color: #000000; color: #ff6600; font-family: Arial Black;\"><br \/>\n<span style=\"font-size: x-large;\">WHM PANEL<\/span><\/span> <\/b><\/p>\n<div align=\"center\">\n<table border=\"0\" width=\"900\" cellspacing=\"1\">\n<tbody>\n<tr>\n<td width=\"450\">\n<p align=\"center\"><span style=\"color: #ff6600;\"><strong>WHM Panel &#8211; Yeni Paket Olu\u015fturma<\/strong><\/span><\/p>\n<p align=\"center\"><iframe loading=\"lazy\" src=\"https:\/\/www.youtube.com\/embed\/v8mTYDrRgM8?rel=0\" width=\"380\" height=\"250\" frameborder=\"0\" allowfullscreen=\"allowfullscreen\"><\/iframe><\/p>\n<\/td>\n<td width=\"450\">\n<p style=\"text-align: center;\"><strong><span style=\"color: #ff6600;\">WHM Panel &#8211; Paket Silme<\/span><\/strong><\/p>\n<p align=\"center\"><iframe loading=\"lazy\" src=\"https:\/\/www.youtube.com\/embed\/j6x9OcQaAEw?rel=0\" width=\"380\" height=\"250\" frameborder=\"0\" allowfullscreen=\"allowfullscreen\"><span style=\"display: inline-block; width: 0px; overflow: hidden; line-height: 0;\" data-mce-type=\"bookmark\" class=\"mce_SELRES_start\">\ufeff<\/span><\/iframe><\/p>\n<\/td>\n<\/tr>\n<\/tbody>\n<\/table>\n<div align=\"center\">\n<table border=\"0\" width=\"900\" cellspacing=\"1\">\n<tbody>\n<tr>\n<td width=\"450\">\n<p style=\"text-align: center;\"><strong><span style=\"color: #ff6600;\">WHM Panel &#8211; Yeni Hesap Olu\u015fturma<\/span><\/strong><\/p>\n<p align=\"center\"><iframe loading=\"lazy\" src=\"https:\/\/www.youtube.com\/embed\/NZW2okXlhWo?rel=0\" width=\"380\" height=\"250\" frameborder=\"0\" allowfullscreen=\"allowfullscreen\"><\/iframe><\/p>\n<\/td>\n<td width=\"450\">\n<p align=\"center\"><span style=\"color: #ff6600;\"><strong>WHM Panel &#8211; Hesap Silme<\/strong><\/span><\/p>\n<p align=\"center\"><iframe loading=\"lazy\" src=\"https:\/\/www.youtube.com\/embed\/gaBGGOfM82A?rel=0\" width=\"380\" height=\"250\" frameborder=\"0\" allowfullscreen=\"allowfullscreen\"><\/iframe><\/p>\n<\/td>\n<\/tr>\n<\/tbody>\n<\/table>\n<div align=\"center\">\n<table border=\"0\" width=\"900\" cellspacing=\"1\">\n<tbody>\n<tr>\n<td width=\"450\">\n<p align=\"center\"><span style=\"color: #ff6600;\"><strong>WHM Panel &#8211; Paket De\u011fi\u015ftirme<\/strong><\/span><\/p>\n<p align=\"center\"><iframe loading=\"lazy\" src=\"https:\/\/www.youtube.com\/embed\/9Fid5IUKK1U\" width=\"380\" height=\"250\" frameborder=\"0\" allowfullscreen=\"allowfullscreen\"><\/iframe><\/p>\n<\/td>\n<td width=\"450\">\n<p style=\"text-align: center;\"><strong><span style=\"color: #ff6600;\">WHM Panel &#8211; A ve NS Kayd\u0131 Ekleme<\/span><\/strong><\/p>\n<p align=\"center\"><iframe loading=\"lazy\" src=\"https:\/\/www.youtube.com\/embed\/lRcdbfCBY0w?rel=0\" width=\"380\" height=\"250\" frameborder=\"0\" allowfullscreen=\"allowfullscreen\"><span style=\"display: inline-block; width: 0px; overflow: hidden; line-height: 0;\" data-mce-type=\"bookmark\" class=\"mce_SELRES_start\">\ufeff<\/span><span style=\"display: inline-block; width: 0px; overflow: hidden; line-height: 0;\" data-mce-type=\"bookmark\" class=\"mce_SELRES_start\">\ufeff<\/span><\/iframe><\/p>\n<\/td>\n<\/tr>\n<\/tbody>\n<\/table>\n<p align=\"center\"><span style=\"font-family: Arial Black;\"><b>&#8211; &#8211; &#8211; &#8211; &#8211; &#8211; &#8211; &#8211; &#8211; &#8211; &#8211; &#8211; &#8211; &#8211; &#8211; &#8211; &#8211;<\/b><\/span><\/p>\n<p align=\"center\"><b><br \/>\n<span style=\"background-color: #000000; color: #ff6600; font-family: Arial Black;\"><br \/>\n<span style=\"font-size: x-large;\">PLESK PANEL<\/span><\/span> <\/b><\/p>\n<div align=\"center\">\n<table border=\"0\" width=\"900\" cellspacing=\"1\">\n<tbody>\n<tr>\n<td width=\"450\">\n<p align=\"center\"><span style=\"color: #ff6600;\"><strong>Plesk Panel &#8211; E-Posta Hesab\u0131 A\u00e7ma<\/strong><\/span><\/p>\n<p align=\"center\"><iframe loading=\"lazy\" src=\"https:\/\/www.youtube.com\/embed\/WaeP29pjjts?si=kqZCFl4evwdf-0bY\" width=\"380\" height=\"250\" frameborder=\"0\" allowfullscreen=\"allowfullscreen\"><\/iframe><\/p>\n<\/td>\n<td width=\"450\">\n<p style=\"text-align: center;\"><strong><span style=\"color: #ff6600;\">Plesk Panel &#8211; E-posta \u015eifresi G\u00fcncelleme<\/span><\/strong><\/p>\n<p align=\"center\"><iframe loading=\"lazy\" src=\"https:\/\/www.youtube.com\/embed\/S6eDBrB64pk\" width=\"380\" height=\"250\" frameborder=\"0\" allowfullscreen=\"allowfullscreen\"><span style=\"display: inline-block; width: 0px; overflow: hidden; line-height: 0;\" data-mce-type=\"bookmark\" class=\"mce_SELRES_start\">\ufeff<\/span><\/iframe><\/p>\n<\/td>\n<\/tr>\n<\/tbody>\n<\/table>\n<\/div>\n<div align=\"center\">\n<table border=\"0\" width=\"900\" cellspacing=\"1\">\n<tbody>\n<tr>\n<td width=\"450\">\n<p align=\"center\"><span style=\"color: #ff6600;\"><strong>Plesk Panel &#8211; Webmail Etkinle\u015ftirme<\/strong><\/span><\/p>\n<p align=\"center\"><iframe loading=\"lazy\" src=\"https:\/\/www.youtube.com\/embed\/aNu_0Qckx3M\" width=\"380\" height=\"250\" frameborder=\"0\" allowfullscreen=\"allowfullscreen\"><\/iframe><\/p>\n<\/td>\n<td width=\"450\">\n<p style=\"text-align: center;\"><strong><span style=\"color: #ff6600;\">Plesk Panel &#8211; FTP \u015eifresi De\u011fi\u015ftirme<\/span><\/strong><\/p>\n<p align=\"center\"><iframe loading=\"lazy\" src=\"https:\/\/www.youtube.com\/embed\/S6eDBrB64pk\" width=\"380\" height=\"250\" frameborder=\"0\" allowfullscreen=\"allowfullscreen\"><span style=\"display: inline-block; width: 0px; overflow: hidden; line-height: 0;\" data-mce-type=\"bookmark\" class=\"mce_SELRES_start\">\ufeff<\/span><\/iframe><\/p>\n<\/td>\n<\/tr>\n<\/tbody>\n<\/table>\n<div align=\"center\">\n<table border=\"0\" width=\"900\" cellspacing=\"1\">\n<tbody>\n<tr>\n<td width=\"450\">\n<p align=\"center\"><span style=\"color: #ff6600;\"><strong>Plesk Panel &#8211; FTP Ek Kullan\u0131c\u0131 Olu\u015fturma<\/strong><\/span><\/p>\n<p align=\"center\"><iframe loading=\"lazy\" src=\"https:\/\/www.youtube.com\/embed\/Nm5JtAroQCo?rel=0\" width=\"380\" height=\"250\" frameborder=\"0\" allowfullscreen=\"allowfullscreen\"><\/iframe><\/p>\n<\/td>\n<td width=\"450\">\n<p style=\"text-align: center;\"><strong><span style=\"color: #ff6600;\">Plesk Panel &#8211; Veri Taban\u0131 Olu\u015fturma<\/span><\/strong><\/p>\n<p align=\"center\"><iframe loading=\"lazy\" src=\"https:\/\/www.youtube.com\/embed\/0JW4qsqbcgg\" width=\"380\" height=\"250\" frameborder=\"0\" allowfullscreen=\"allowfullscreen\"><span style=\"display: inline-block; width: 0px; overflow: hidden; line-height: 0;\" data-mce-type=\"bookmark\" class=\"mce_SELRES_start\">\ufeff<\/span><\/iframe><\/p>\n<\/td>\n<\/tr>\n<\/tbody>\n<\/table>\n<div align=\"center\">\n<table border=\"0\" width=\"900\" cellspacing=\"1\">\n<tbody>\n<tr>\n<td width=\"450\">\n<p align=\"center\"><span style=\"color: #ff6600;\"><strong>Plesk Panel &#8211; Sub Domain Olu\u015fturma<\/strong><\/span><\/p>\n<p align=\"center\"><iframe loading=\"lazy\" src=\"https:\/\/www.youtube.com\/embed\/cCzeLRBcBWA?rel=0\" width=\"380\" height=\"250\" frameborder=\"0\" allowfullscreen=\"allowfullscreen\"><\/iframe><\/p>\n<\/td>\n<td width=\"450\">\n<p style=\"text-align: center;\"><strong><span style=\"color: #ff6600;\">Plesk Panel &#8211; WordPress Kurulumu<\/span><\/strong><\/p>\n<p align=\"center\"><iframe loading=\"lazy\" src=\"https:\/\/www.youtube.com\/embed\/BDpRnzojFUw?rel=0\" width=\"380\" height=\"250\" frameborder=\"0\" allowfullscreen=\"allowfullscreen\"><span style=\"display: inline-block; width: 0px; overflow: hidden; line-height: 0;\" data-mce-type=\"bookmark\" class=\"mce_SELRES_start\">\ufeff<\/span><\/iframe><\/p>\n<\/td>\n<\/tr>\n<\/tbody>\n<\/table>\n<div align=\"center\">\n<table border=\"0\" width=\"900\" cellspacing=\"1\">\n<tbody>\n<tr>\n<td width=\"450\">\n<p align=\"center\"><span style=\"color: #ff6600;\"><strong>Plesk Panel &#8211; Domain Kullan\u0131c\u0131s\u0131 \u015eifre De\u011fi\u015ftirme<\/strong><\/span><\/p>\n<p align=\"center\"><iframe loading=\"lazy\" src=\"https:\/\/www.youtube.com\/embed\/KhFQHZzYWlk?rel=0\" width=\"380\" height=\"250\" frameborder=\"0\" allowfullscreen=\"allowfullscreen\"><\/iframe><\/p>\n<\/td>\n<td width=\"450\">\n<p style=\"text-align: center;\"><strong><span style=\"color: #ff6600;\">Plesk Panel &#8211; Dosya \u0130zni Verme<\/span><\/strong><\/p>\n<p align=\"center\"><iframe loading=\"lazy\" src=\"https:\/\/www.youtube.com\/embed\/iFqi3ysH9nQ?rel=0\" width=\"380\" height=\"250\" frameborder=\"0\" allowfullscreen=\"allowfullscreen\"><span style=\"display: inline-block; width: 0px; overflow: hidden; line-height: 0;\" data-mce-type=\"bookmark\" class=\"mce_SELRES_start\">\ufeff<\/span><\/iframe><\/p>\n<\/td>\n<\/tr>\n<\/tbody>\n<\/table>\n<div align=\"center\">\n<table border=\"0\" width=\"900\" cellspacing=\"1\">\n<tbody>\n<tr>\n<td width=\"450\">\n<p align=\"center\"><span style=\"color: #ff6600;\"><strong>Plesk Panel &#8211; DNS Kay\u0131t Y\u00f6netimi<\/strong><\/span><\/p>\n<p align=\"center\"><iframe loading=\"lazy\" src=\"https:\/\/www.youtube.com\/embed\/UlDIYMce6Jo?rel=0\" width=\"380\" height=\"250\" frameborder=\"0\" allowfullscreen=\"allowfullscreen\"><\/iframe><\/p>\n<\/td>\n<td width=\"450\">\n<p style=\"text-align: center;\"><strong><span style=\"color: #ff6600;\">Plesk Panel &#8211; SPF Kayd\u0131 Olu\u015fturma<\/span><\/strong><\/p>\n<p align=\"center\"><iframe loading=\"lazy\" src=\"https:\/\/www.youtube.com\/embed\/MwpE42Hmh-U?rel=0\" width=\"380\" height=\"250\" frameborder=\"0\" allowfullscreen=\"allowfullscreen\"><span style=\"display: inline-block; width: 0px; overflow: hidden; line-height: 0;\" data-mce-type=\"bookmark\" class=\"mce_SELRES_start\">\ufeff<\/span><\/iframe><\/p>\n<\/td>\n<\/tr>\n<\/tbody>\n<\/table>\n<div align=\"center\">\n<table border=\"0\" width=\"900\" cellspacing=\"1\">\n<tbody>\n<tr>\n<td width=\"450\">\n<p align=\"center\"><span style=\"color: #ff6600;\"><strong>Plesk Panel &#8211; Gmail MX Ayarlar\u0131<br \/>\nYapma<\/strong><\/span><\/p>\n<p align=\"center\"><iframe loading=\"lazy\" src=\"https:\/\/www.youtube.com\/embed\/v3xvwwJHjm4?rel=0\" width=\"380\" height=\"250\" frameborder=\"0\" allowfullscreen=\"allowfullscreen\"><\/iframe><\/p>\n<\/td>\n<td width=\"450\">\n<p style=\"text-align: center;\"><strong><span style=\"color: #ff6600;\">Plesk Panel &#8211; Domain Alias<\/span><\/strong><\/p>\n<p align=\"center\"><iframe loading=\"lazy\" src=\"https:\/\/www.youtube.com\/embed\/RXp-ATwMgY4?rel=0\" width=\"380\" height=\"250\" frameborder=\"0\" allowfullscreen=\"allowfullscreen\"><span style=\"display: inline-block; width: 0px; overflow: hidden; line-height: 0;\" data-mce-type=\"bookmark\" class=\"mce_SELRES_start\">\ufeff<\/span><\/iframe><\/p>\n<\/td>\n<\/tr>\n<\/tbody>\n<\/table>\n<div align=\"center\">\n<table border=\"0\" width=\"900\" cellspacing=\"1\">\n<tbody>\n<tr>\n<td width=\"450\">\n<p align=\"center\"><span style=\"color: #ff6600;\"><strong>Plesk Panel &#8211; Mail Adresi Y\u00f6nlendirme<\/strong><\/span><\/p>\n<p align=\"center\"><iframe loading=\"lazy\" src=\"https:\/\/www.youtube.com\/embed\/QvvYak49m1A?rel=0\" width=\"380\" height=\"250\" frameborder=\"0\" allowfullscreen=\"allowfullscreen\"><\/iframe><\/p>\n<\/td>\n<td width=\"450\">\n<p style=\"text-align: center;\"><strong><span style=\"color: #ff6600;\">Plesk Panel- Phpmyadmin MySQL Y\u00f6netimi<\/span><\/strong><\/p>\n<p align=\"center\"><iframe loading=\"lazy\" src=\"https:\/\/www.youtube.com\/embed\/8RaifIJI_Mo?rel=0\" width=\"380\" height=\"250\" frameborder=\"0\" allowfullscreen=\"allowfullscreen\"><span style=\"display: inline-block; width: 0px; overflow: hidden; line-height: 0;\" data-mce-type=\"bookmark\" class=\"mce_SELRES_start\">\ufeff<\/span><\/iframe><\/p>\n<\/td>\n<\/tr>\n<\/tbody>\n<\/table>\n<p align=\"center\"><span style=\"font-family: Arial Black;\"><b>&#8211; &#8211; &#8211; &#8211; &#8211; &#8211; &#8211; &#8211; &#8211; &#8211; &#8211; &#8211; &#8211; &#8211; &#8211; &#8211; &#8211;<\/b><\/span><\/p>\n<p align=\"center\"><b><br \/>\n<span style=\"background-color: #000000; color: #ff6600; font-family: Arial Black;\"><br \/>\n<span style=\"font-size: x-large;\">PLESK PANEL BAY\u0130<\/span><\/span> <\/b><\/p>\n<div align=\"center\">\n<table border=\"0\" width=\"900\" cellspacing=\"1\">\n<tbody>\n<tr>\n<td width=\"450\">\n<p align=\"center\"><span style=\"color: #ff6600;\"><strong>Plesk Panel &#8211; Domain Eklemek<\/strong><\/span><\/p>\n<p align=\"center\"><iframe loading=\"lazy\" src=\"https:\/\/www.youtube.com\/embed\/PdcM8D8yaDk?rel=0\" width=\"380\" height=\"250\" frameborder=\"0\" allowfullscreen=\"allowfullscreen\"><\/iframe><\/p>\n<\/td>\n<td width=\"450\">\n<p style=\"text-align: center;\"><strong><span style=\"color: #ff6600;\">Plesk Panel &#8211; Domain Silmek<\/span><\/strong><\/p>\n<p align=\"center\"><iframe loading=\"lazy\" src=\"https:\/\/www.youtube.com\/embed\/C5rfuKb5eQU?rel=0\" width=\"380\" height=\"250\" frameborder=\"0\" allowfullscreen=\"allowfullscreen\"><span style=\"display: inline-block; width: 0px; overflow: hidden; line-height: 0;\" data-mce-type=\"bookmark\" class=\"mce_SELRES_start\">\ufeff<\/span><\/iframe><\/p>\n<\/td>\n<\/tr>\n<\/tbody>\n<\/table>\n<div align=\"center\">\n<table border=\"0\" width=\"900\" cellspacing=\"1\">\n<tbody>\n<tr>\n<td width=\"450\">\n<p align=\"center\"><span style=\"color: #ff6600;\"><strong>Plesk Panel &#8211; Domain .NET, ASP, PHP Deste\u011fi Ayarlar\u0131<\/strong><\/span><\/p>\n<p align=\"center\"><iframe loading=\"lazy\" src=\"https:\/\/www.youtube.com\/embed\/IMdfOCOEESc?rel=0\" width=\"380\" height=\"250\" frameborder=\"0\" allowfullscreen=\"allowfullscreen\"><\/iframe><\/p>\n<\/td>\n<td width=\"450\">\n<p style=\"text-align: center;\"><strong><span style=\"color: #ff6600;\">Plesk Panel &#8211; Paket Olu\u015fturma<\/span><\/strong><\/p>\n<p align=\"center\"><iframe loading=\"lazy\" src=\"https:\/\/www.youtube.com\/embed\/aVRMFkrA2jw?rel=0\" width=\"380\" height=\"250\" frameborder=\"0\" allowfullscreen=\"allowfullscreen\"><span style=\"display: inline-block; width: 0px; overflow: hidden; line-height: 0;\" data-mce-type=\"bookmark\" class=\"mce_SELRES_start\">\ufeff<\/span><\/iframe><\/p>\n<\/td>\n<\/tr>\n<\/tbody>\n<\/table>\n<div align=\"center\">\n<table border=\"0\" width=\"900\" cellspacing=\"1\">\n<tbody>\n<tr>\n<td width=\"450\">\n<p align=\"center\"><span style=\"color: #ff6600;\"><strong>Plesk Panel &#8211; Paket De\u011fi\u015ftirme<\/strong><\/span><\/p>\n<p align=\"center\"><iframe loading=\"lazy\" src=\"https:\/\/www.youtube.com\/embed\/m_FHAxFe36M?rel=0\" width=\"380\" height=\"250\" frameborder=\"0\" allowfullscreen=\"allowfullscreen\"><\/iframe><\/p>\n<\/td>\n<td width=\"450\">\n<p style=\"text-align: center;\"><strong><span style=\"color: #ff6600;\">Outlook E-mail Hesab\u0131 Ekleme<\/span><\/strong><\/p>\n<p align=\"center\"><iframe src=\"https:\/\/www.youtube.com\/embed\/hFFeMiV1a14?si=I3mYybGUEgb2QQ8e\" height=\"250\" frameborder=\"0\" allowfullscreen=\"allowfullscreen\"><span style=\"display: inline-block; width: 0px; overflow: hidden; line-height: 0;\" data-mce-type=\"bookmark\" class=\"mce_SELRES_start\">\ufeff<\/span><\/iframe><\/p>\n<\/td>\n<\/tr>\n<\/tbody>\n<\/table>\n<div align=\"center\">\n<table border=\"0\" width=\"900\" cellspacing=\"1\">\n<tbody>\n<tr>\n<td width=\"450\">\n<p align=\"center\"><span style=\"color: #ff6600;\"><strong>Outlook IMAP Kurulumu<\/strong><\/span><\/p>\n<p align=\"center\"><iframe loading=\"lazy\" src=\"https:\/\/www.youtube.com\/embed\/lK4sTe_w18M?rel=0\" width=\"380\" height=\"250\" frameborder=\"0\" allowfullscreen=\"allowfullscreen\"><\/iframe><\/p>\n<\/td>\n<td width=\"450\">\n<p style=\"text-align: center;\"><strong><span style=\"color: #ff6600;\">Android Telefona E-Posta Kurulumu<\/span><\/strong><\/p>\n<p align=\"center\"><iframe loading=\"lazy\" src=\"https:\/\/www.youtube.com\/embed\/_-vFNQ4ZbAY\" width=\"380\" height=\"250\" frameborder=\"0\" allowfullscreen=\"allowfullscreen\"><span style=\"display: inline-block; width: 0px; overflow: hidden; line-height: 0;\" data-mce-type=\"bookmark\" class=\"mce_SELRES_start\">\ufeff<\/span><\/iframe><\/p>\n<\/td>\n<\/tr>\n<\/tbody>\n<\/table>\n<\/div>\n<\/div>\n<\/div>\n<\/div>\n<\/div>\n<\/div>\n<\/div>\n<\/div>\n<\/div>\n<\/div>\n<\/div>\n<\/div>\n<\/div>\n<\/div>\n<\/div>\n<\/div>\n<\/div>\n<\/div>\n<\/div>\n<\/div>\n<\/div>\n","protected":false},"excerpt":{"rendered":"<p>cPANEL cPanel &#8211; \u00dccretsiz SSL Kurulumu cPanel &#8211; Mail Hesab\u0131 Olu\u015fturma \ufeff\ufeff cPanel &#8211; Subdomain Olu\u015fturma cPanel &#8211; Veritaban\u0131 Olu\u015fturma cPanel &#8211; Otomatik Mail Yan\u0131tlay\u0131c\u0131 Olu\u015fturma cPanel &#8211; Yedek Alma \ufeff cPanel &#8211; WordPress Kurulumu&#46;&#46;&#46;<\/p>\n","protected":false},"author":1,"featured_media":0,"parent":0,"menu_order":0,"comment_status":"closed","ping_status":"closed","template":"","meta":{"footnotes":""},"class_list":["post-897","page","type-page","status-publish","hentry"],"_links":{"self":[{"href":"https:\/\/www.inetmar.com\/blog\/wp-json\/wp\/v2\/pages\/897","targetHints":{"allow":["GET"]}}],"collection":[{"href":"https:\/\/www.inetmar.com\/blog\/wp-json\/wp\/v2\/pages"}],"about":[{"href":"https:\/\/www.inetmar.com\/blog\/wp-json\/wp\/v2\/types\/page"}],"author":[{"embeddable":true,"href":"https:\/\/www.inetmar.com\/blog\/wp-json\/wp\/v2\/users\/1"}],"replies":[{"embeddable":true,"href":"https:\/\/www.inetmar.com\/blog\/wp-json\/wp\/v2\/comments?post=897"}],"version-history":[{"count":129,"href":"https:\/\/www.inetmar.com\/blog\/wp-json\/wp\/v2\/pages\/897\/revisions"}],"predecessor-version":[{"id":7369,"href":"https:\/\/www.inetmar.com\/blog\/wp-json\/wp\/v2\/pages\/897\/revisions\/7369"}],"wp:attachment":[{"href":"https:\/\/www.inetmar.com\/blog\/wp-json\/wp\/v2\/media?parent=897"}],"curies":[{"name":"wp","href":"https:\/\/api.w.org\/{rel}","templated":true}]}}